{"id":15792,"date":"2022-01-21T10:58:44","date_gmt":"2022-01-21T16:58:44","guid":{"rendered":"https:\/\/www.insta-pro.com\/?page_id=15792"},"modified":"2022-11-14T10:53:30","modified_gmt":"2022-11-14T16:53:30","slug":"support-client","status":"publish","type":"page","link":"https:\/\/insta-pro.spinudev.com\/fr\/support-client\/","title":{"rendered":"Support client"},"content":{"rendered":"","protected":false},"excerpt":{"rendered":"","protected":false},"author":53,"featured_media":16844,"parent":0,"menu_order":0,"comment_status":"closed","ping_status":"closed","template":"","meta":{"_acf_changed":false,"footnotes":""},"class_list":["post-15792","page","type-page","status-publish","has-post-thumbnail","hentry"],"acf":[],"yoast_head":"<!-- This site is optimized with the Yoast SEO Premium plugin v25.2 (Yoast SEO v27.2) - https:\/\/yoast.com\/product\/yoast-seo-premium-wordpress\/ -->\n<title>Service client sur les \u00e9quipements de transformation de produits agricoles<\/title>\n<meta name=\"description\" content=\"L\u2019\u00e9quipe de service client experte d\u2019Insta-Pro vous aide \u00e0 tirer le meilleur de nos \u00e9quipements gr\u00e2ce \u00e0 des services de test, de consultation, d&#039;installation et bien plus.\" \/>\n<meta name=\"robots\" content=\"noindex, follow, max-snippet:-1, max-image-preview:large, max-video-preview:-1\" \/>\n<meta property=\"og:locale\" content=\"fr_FR\" \/>\n<meta property=\"og:type\" content=\"article\" \/>\n<meta property=\"og:title\" content=\"Support client\" \/>\n<meta property=\"og:description\" content=\"L\u2019\u00e9quipe de service client experte d\u2019Insta-Pro vous aide \u00e0 tirer le meilleur de nos \u00e9quipements gr\u00e2ce \u00e0 des services de test, de consultation, d&#039;installation et bien plus.\" \/>\n<meta property=\"og:url\" content=\"https:\/\/insta-pro.spinudev.com\/fr\/support-client\/\" \/>\n<meta property=\"og:site_name\" content=\"Insta-Pro\" \/>\n<meta property=\"article:publisher\" content=\"https:\/\/www.facebook.com\/instaprointernational\/\" \/>\n<meta property=\"article:modified_time\" content=\"2022-11-14T16:53:30+00:00\" \/>\n<meta property=\"og:image\" content=\"https:\/wp-content\/uploads\/2022\/08\/customersupportfeature-scaled.jpg\" \/>\n\t<meta property=\"og:image:width\" content=\"2560\" \/>\n\t<meta property=\"og:image:height\" content=\"1920\" \/>\n\t<meta property=\"og:image:type\" content=\"image\/jpeg\" \/>\n<meta name=\"twitter:card\" content=\"summary_large_image\" \/>\n<meta name=\"twitter:site\" content=\"@InstaProInt\" \/>\n<script type=\"application\/ld+json\" class=\"yoast-schema-graph\">{\"@context\":\"https:\/\/schema.org\",\"@graph\":[{\"@type\":\"WebPage\",\"@id\":\"https:\/\/insta-pro.spinudev.com\/fr\/support-client\/\",\"url\":\"https:\/\/insta-pro.spinudev.com\/fr\/support-client\/\",\"name\":\"Service client sur les \u00e9quipements de transformation de produits agricoles\",\"isPartOf\":{\"@id\":\"https:\/\/insta-pro.spinudev.com\/fr\/#website\"},\"primaryImageOfPage\":{\"@id\":\"https:\/\/insta-pro.spinudev.com\/fr\/support-client\/#primaryimage\"},\"image\":{\"@id\":\"https:\/\/insta-pro.spinudev.com\/fr\/support-client\/#primaryimage\"},\"thumbnailUrl\":\"https:\/\/insta-pro.spinudev.com\/wp-content\/uploads\/2022\/08\/customersupportfeature-scaled.jpg\",\"datePublished\":\"2022-01-21T16:58:44+00:00\",\"dateModified\":\"2022-11-14T16:53:30+00:00\",\"description\":\"L\u2019\u00e9quipe de service client experte d\u2019Insta-Pro vous aide \u00e0 tirer le meilleur de nos \u00e9quipements gr\u00e2ce \u00e0 des services de test, de consultation, d'installation et bien plus.\",\"breadcrumb\":{\"@id\":\"https:\/\/insta-pro.spinudev.com\/fr\/support-client\/#breadcrumb\"},\"inLanguage\":\"fr-FR\",\"potentialAction\":[{\"@type\":\"ReadAction\",\"target\":[\"https:\/\/insta-pro.spinudev.com\/fr\/support-client\/\"]}]},{\"@type\":\"ImageObject\",\"inLanguage\":\"fr-FR\",\"@id\":\"https:\/\/insta-pro.spinudev.com\/fr\/support-client\/#primaryimage\",\"url\":\"https:\/\/insta-pro.spinudev.com\/wp-content\/uploads\/2022\/08\/customersupportfeature-scaled.jpg\",\"contentUrl\":\"https:\/\/insta-pro.spinudev.com\/wp-content\/uploads\/2022\/08\/customersupportfeature-scaled.jpg\",\"width\":2560,\"height\":1920,\"caption\":\"APPAREIL PHOTO NUM\u00c9RIQUE OLYMPUS\"},{\"@type\":\"BreadcrumbList\",\"@id\":\"https:\/\/insta-pro.spinudev.com\/fr\/support-client\/#breadcrumb\",\"itemListElement\":[{\"@type\":\"ListItem\",\"position\":1,\"name\":\"Home\",\"item\":\"https:\/\/www.insta-pro.com\/fr\/\"},{\"@type\":\"ListItem\",\"position\":2,\"name\":\"Support client\"}]},{\"@type\":\"WebSite\",\"@id\":\"https:\/\/insta-pro.spinudev.com\/fr\/#website\",\"url\":\"https:\/\/insta-pro.spinudev.com\/fr\/\",\"name\":\"Insta-Pro\",\"description\":\"Extrusion Equipment Manufacturer\",\"publisher\":{\"@id\":\"https:\/\/insta-pro.spinudev.com\/fr\/#organization\"},\"potentialAction\":[{\"@type\":\"SearchAction\",\"target\":{\"@type\":\"EntryPoint\",\"urlTemplate\":\"https:\/\/insta-pro.spinudev.com\/fr\/?s={search_term_string}\"},\"query-input\":{\"@type\":\"PropertyValueSpecification\",\"valueRequired\":true,\"valueName\":\"search_term_string\"}}],\"inLanguage\":\"fr-FR\"},{\"@type\":\"Organization\",\"@id\":\"https:\/\/insta-pro.spinudev.com\/fr\/#organization\",\"name\":\"Insta-Pro\",\"url\":\"https:\/\/insta-pro.spinudev.com\/fr\/\",\"logo\":{\"@type\":\"ImageObject\",\"inLanguage\":\"fr-FR\",\"@id\":\"https:\/\/insta-pro.spinudev.com\/fr\/#\/schema\/logo\/image\/\",\"url\":\"https:\/\/www.insta-pro.com\/wp-content\/uploads\/2024\/09\/512x512.png\",\"contentUrl\":\"https:\/\/www.insta-pro.com\/wp-content\/uploads\/2024\/09\/512x512.png\",\"width\":512,\"height\":512,\"caption\":\"Insta-Pro\"},\"image\":{\"@id\":\"https:\/\/insta-pro.spinudev.com\/fr\/#\/schema\/logo\/image\/\"},\"sameAs\":[\"https:\/\/www.facebook.com\/instaprointernational\/\",\"https:\/\/x.com\/InstaProInt\",\"https:\/\/www.linkedin.com\/company\/insta-pro-international\/\",\"https:\/\/www.youtube.com\/@insta-prointernational5033\"]}]}<\/script>\n<!-- \/ Yoast SEO Premium plugin. -->","yoast_head_json":{"title":"Service client sur les \u00e9quipements de transformation de produits agricoles","description":"L\u2019\u00e9quipe de service client experte d\u2019Insta-Pro vous aide \u00e0 tirer le meilleur de nos \u00e9quipements gr\u00e2ce \u00e0 des services de test, de consultation, d'installation et bien plus.","robots":{"index":"noindex","follow":"follow","max-snippet":"max-snippet:-1","max-image-preview":"max-image-preview:large","max-video-preview":"max-video-preview:-1"},"og_locale":"fr_FR","og_type":"article","og_title":"Support client","og_description":"L\u2019\u00e9quipe de service client experte d\u2019Insta-Pro vous aide \u00e0 tirer le meilleur de nos \u00e9quipements gr\u00e2ce \u00e0 des services de test, de consultation, d'installation et bien plus.","og_url":"https:\/\/insta-pro.spinudev.com\/fr\/support-client\/","og_site_name":"Insta-Pro","article_publisher":"https:\/\/www.facebook.com\/instaprointernational\/","article_modified_time":"2022-11-14T16:53:30+00:00","og_image":[{"width":2560,"height":1920,"url":"https:\/wp-content\/uploads\/2022\/08\/customersupportfeature-scaled.jpg","type":"image\/jpeg"}],"twitter_card":"summary_large_image","twitter_site":"@InstaProInt","schema":{"@context":"https:\/\/schema.org","@graph":[{"@type":"WebPage","@id":"https:\/\/insta-pro.spinudev.com\/fr\/support-client\/","url":"https:\/\/insta-pro.spinudev.com\/fr\/support-client\/","name":"Service client sur les \u00e9quipements de transformation de produits agricoles","isPartOf":{"@id":"https:\/\/insta-pro.spinudev.com\/fr\/#website"},"primaryImageOfPage":{"@id":"https:\/\/insta-pro.spinudev.com\/fr\/support-client\/#primaryimage"},"image":{"@id":"https:\/\/insta-pro.spinudev.com\/fr\/support-client\/#primaryimage"},"thumbnailUrl":"https:\/\/insta-pro.spinudev.com\/wp-content\/uploads\/2022\/08\/customersupportfeature-scaled.jpg","datePublished":"2022-01-21T16:58:44+00:00","dateModified":"2022-11-14T16:53:30+00:00","description":"L\u2019\u00e9quipe de service client experte d\u2019Insta-Pro vous aide \u00e0 tirer le meilleur de nos \u00e9quipements gr\u00e2ce \u00e0 des services de test, de consultation, d'installation et bien plus.","breadcrumb":{"@id":"https:\/\/insta-pro.spinudev.com\/fr\/support-client\/#breadcrumb"},"inLanguage":"fr-FR","potentialAction":[{"@type":"ReadAction","target":["https:\/\/insta-pro.spinudev.com\/fr\/support-client\/"]}]},{"@type":"ImageObject","inLanguage":"fr-FR","@id":"https:\/\/insta-pro.spinudev.com\/fr\/support-client\/#primaryimage","url":"https:\/\/insta-pro.spinudev.com\/wp-content\/uploads\/2022\/08\/customersupportfeature-scaled.jpg","contentUrl":"https:\/\/insta-pro.spinudev.com\/wp-content\/uploads\/2022\/08\/customersupportfeature-scaled.jpg","width":2560,"height":1920,"caption":"APPAREIL PHOTO NUM\u00c9RIQUE OLYMPUS"},{"@type":"BreadcrumbList","@id":"https:\/\/insta-pro.spinudev.com\/fr\/support-client\/#breadcrumb","itemListElement":[{"@type":"ListItem","position":1,"name":"Home","item":"https:\/\/www.insta-pro.com\/fr\/"},{"@type":"ListItem","position":2,"name":"Support client"}]},{"@type":"WebSite","@id":"https:\/\/insta-pro.spinudev.com\/fr\/#website","url":"https:\/\/insta-pro.spinudev.com\/fr\/","name":"Insta-Pro","description":"Extrusion Equipment Manufacturer","publisher":{"@id":"https:\/\/insta-pro.spinudev.com\/fr\/#organization"},"potentialAction":[{"@type":"SearchAction","target":{"@type":"EntryPoint","urlTemplate":"https:\/\/insta-pro.spinudev.com\/fr\/?s={search_term_string}"},"query-input":{"@type":"PropertyValueSpecification","valueRequired":true,"valueName":"search_term_string"}}],"inLanguage":"fr-FR"},{"@type":"Organization","@id":"https:\/\/insta-pro.spinudev.com\/fr\/#organization","name":"Insta-Pro","url":"https:\/\/insta-pro.spinudev.com\/fr\/","logo":{"@type":"ImageObject","inLanguage":"fr-FR","@id":"https:\/\/insta-pro.spinudev.com\/fr\/#\/schema\/logo\/image\/","url":"https:\/\/www.insta-pro.com\/wp-content\/uploads\/2024\/09\/512x512.png","contentUrl":"https:\/\/www.insta-pro.com\/wp-content\/uploads\/2024\/09\/512x512.png","width":512,"height":512,"caption":"Insta-Pro"},"image":{"@id":"https:\/\/insta-pro.spinudev.com\/fr\/#\/schema\/logo\/image\/"},"sameAs":["https:\/\/www.facebook.com\/instaprointernational\/","https:\/\/x.com\/InstaProInt","https:\/\/www.linkedin.com\/company\/insta-pro-international\/","https:\/\/www.youtube.com\/@insta-prointernational5033"]}]}},"_links":{"self":[{"href":"https:\/\/insta-pro.spinudev.com\/fr\/wp-json\/wp\/v2\/pages\/15792","targetHints":{"allow":["GET"]}}],"collection":[{"href":"https:\/\/insta-pro.spinudev.com\/fr\/wp-json\/wp\/v2\/pages"}],"about":[{"href":"https:\/\/insta-pro.spinudev.com\/fr\/wp-json\/wp\/v2\/types\/page"}],"author":[{"embeddable":true,"href":"https:\/\/insta-pro.spinudev.com\/fr\/wp-json\/wp\/v2\/users\/53"}],"replies":[{"embeddable":true,"href":"https:\/\/insta-pro.spinudev.com\/fr\/wp-json\/wp\/v2\/comments?post=15792"}],"version-history":[{"count":0,"href":"https:\/\/insta-pro.spinudev.com\/fr\/wp-json\/wp\/v2\/pages\/15792\/revisions"}],"wp:featuredmedia":[{"embeddable":true,"href":"https:\/\/insta-pro.spinudev.com\/fr\/wp-json\/wp\/v2\/media\/16844"}],"wp:attachment":[{"href":"https:\/\/insta-pro.spinudev.com\/fr\/wp-json\/wp\/v2\/media?parent=15792"}],"curies":[{"name":"wp","href":"https:\/\/api.w.org\/{rel}","templated":true}]}}