{"id":5707,"date":"2015-11-11T11:51:04","date_gmt":"2015-11-11T17:51:04","guid":{"rendered":"https:\/\/www.insta-pro.com\/es\/proximos-eventos\/"},"modified":"2016-02-23T14:57:36","modified_gmt":"2016-02-23T20:57:36","slug":"proximos-eventos","status":"publish","type":"page","link":"https:\/\/insta-pro.spinudev.com\/es\/proximos-eventos\/","title":{"rendered":"Pr\u00f3ximos eventos"},"content":{"rendered":"","protected":false},"excerpt":{"rendered":"","protected":false},"author":2,"featured_media":0,"parent":0,"menu_order":0,"comment_status":"closed","ping_status":"closed","template":"template-calendar.php","meta":{"_acf_changed":false,"footnotes":""},"class_list":["post-5707","page","type-page","status-publish","hentry"],"acf":[],"yoast_head":"<!-- This site is optimized with the Yoast SEO Premium plugin v25.2 (Yoast SEO v27.2) - https:\/\/yoast.com\/product\/yoast-seo-premium-wordpress\/ -->\n<title>Cl\u00ednicas, ferias y otros eventos sobre equipos y productos<\/title>\n<meta name=\"description\" content=\"Eche un vistazo a los pr\u00f3ximos eventos en busca de cl\u00ednicas, talleres, ferias y otros eventos sobre los productos, los equipos y los servicios que ofrecemos en Insta-Pro International.\" \/>\n<meta name=\"robots\" content=\"noindex, follow, max-snippet:-1, max-image-preview:large, max-video-preview:-1\" \/>\n<meta property=\"og:locale\" content=\"es_ES\" \/>\n<meta property=\"og:type\" content=\"article\" \/>\n<meta property=\"og:title\" content=\"Pr\u00f3ximos eventos\" \/>\n<meta property=\"og:description\" content=\"Eche un vistazo a los pr\u00f3ximos eventos en busca de cl\u00ednicas, talleres, ferias y otros eventos sobre los productos, los equipos y los servicios que ofrecemos en Insta-Pro International.\" \/>\n<meta property=\"og:url\" content=\"https:\/\/insta-pro.spinudev.com\/es\/proximos-eventos\/\" \/>\n<meta property=\"og:site_name\" content=\"Insta-Pro\" \/>\n<meta property=\"article:publisher\" content=\"https:\/\/www.facebook.com\/instaprointernational\/\" \/>\n<meta property=\"article:modified_time\" content=\"2016-02-23T20:57:36+00:00\" \/>\n<meta name=\"twitter:card\" content=\"summary_large_image\" \/>\n<meta name=\"twitter:site\" content=\"@InstaProInt\" \/>\n<script type=\"application\/ld+json\" class=\"yoast-schema-graph\">{\"@context\":\"https:\/\/schema.org\",\"@graph\":[{\"@type\":\"WebPage\",\"@id\":\"https:\/\/insta-pro.spinudev.com\/es\/proximos-eventos\/\",\"url\":\"https:\/\/insta-pro.spinudev.com\/es\/proximos-eventos\/\",\"name\":\"Cl\u00ednicas, ferias y otros eventos sobre equipos y productos\",\"isPartOf\":{\"@id\":\"https:\/\/insta-pro.spinudev.com\/es\/#website\"},\"datePublished\":\"2015-11-11T17:51:04+00:00\",\"dateModified\":\"2016-02-23T20:57:36+00:00\",\"description\":\"Eche un vistazo a los pr\u00f3ximos eventos en busca de cl\u00ednicas, talleres, ferias y otros eventos sobre los productos, los equipos y los servicios que ofrecemos en Insta-Pro International.\",\"breadcrumb\":{\"@id\":\"https:\/\/insta-pro.spinudev.com\/es\/proximos-eventos\/#breadcrumb\"},\"inLanguage\":\"es\",\"potentialAction\":[{\"@type\":\"ReadAction\",\"target\":[\"https:\/\/insta-pro.spinudev.com\/es\/proximos-eventos\/\"]}]},{\"@type\":\"BreadcrumbList\",\"@id\":\"https:\/\/insta-pro.spinudev.com\/es\/proximos-eventos\/#breadcrumb\",\"itemListElement\":[{\"@type\":\"ListItem\",\"position\":1,\"name\":\"Home\",\"item\":\"https:\/\/www.insta-pro.com\/es\/\"},{\"@type\":\"ListItem\",\"position\":2,\"name\":\"Pr\u00f3ximos eventos\"}]},{\"@type\":\"WebSite\",\"@id\":\"https:\/\/insta-pro.spinudev.com\/es\/#website\",\"url\":\"https:\/\/insta-pro.spinudev.com\/es\/\",\"name\":\"Insta-Pro\",\"description\":\"Extrusion Equipment Manufacturer\",\"publisher\":{\"@id\":\"https:\/\/insta-pro.spinudev.com\/es\/#organization\"},\"potentialAction\":[{\"@type\":\"SearchAction\",\"target\":{\"@type\":\"EntryPoint\",\"urlTemplate\":\"https:\/\/insta-pro.spinudev.com\/es\/?s={search_term_string}\"},\"query-input\":{\"@type\":\"PropertyValueSpecification\",\"valueRequired\":true,\"valueName\":\"search_term_string\"}}],\"inLanguage\":\"es\"},{\"@type\":\"Organization\",\"@id\":\"https:\/\/insta-pro.spinudev.com\/es\/#organization\",\"name\":\"Insta-Pro\",\"url\":\"https:\/\/insta-pro.spinudev.com\/es\/\",\"logo\":{\"@type\":\"ImageObject\",\"inLanguage\":\"es\",\"@id\":\"https:\/\/insta-pro.spinudev.com\/es\/#\/schema\/logo\/image\/\",\"url\":\"https:\/\/www.insta-pro.com\/wp-content\/uploads\/2024\/09\/512x512.png\",\"contentUrl\":\"https:\/\/www.insta-pro.com\/wp-content\/uploads\/2024\/09\/512x512.png\",\"width\":512,\"height\":512,\"caption\":\"Insta-Pro\"},\"image\":{\"@id\":\"https:\/\/insta-pro.spinudev.com\/es\/#\/schema\/logo\/image\/\"},\"sameAs\":[\"https:\/\/www.facebook.com\/instaprointernational\/\",\"https:\/\/x.com\/InstaProInt\",\"https:\/\/www.linkedin.com\/company\/insta-pro-international\/\",\"https:\/\/www.youtube.com\/@insta-prointernational5033\"]}]}<\/script>\n<!-- \/ Yoast SEO Premium plugin. -->","yoast_head_json":{"title":"Cl\u00ednicas, ferias y otros eventos sobre equipos y productos","description":"Eche un vistazo a los pr\u00f3ximos eventos en busca de cl\u00ednicas, talleres, ferias y otros eventos sobre los productos, los equipos y los servicios que ofrecemos en Insta-Pro International.","robots":{"index":"noindex","follow":"follow","max-snippet":"max-snippet:-1","max-image-preview":"max-image-preview:large","max-video-preview":"max-video-preview:-1"},"og_locale":"es_ES","og_type":"article","og_title":"Pr\u00f3ximos eventos","og_description":"Eche un vistazo a los pr\u00f3ximos eventos en busca de cl\u00ednicas, talleres, ferias y otros eventos sobre los productos, los equipos y los servicios que ofrecemos en Insta-Pro International.","og_url":"https:\/\/insta-pro.spinudev.com\/es\/proximos-eventos\/","og_site_name":"Insta-Pro","article_publisher":"https:\/\/www.facebook.com\/instaprointernational\/","article_modified_time":"2016-02-23T20:57:36+00:00","twitter_card":"summary_large_image","twitter_site":"@InstaProInt","schema":{"@context":"https:\/\/schema.org","@graph":[{"@type":"WebPage","@id":"https:\/\/insta-pro.spinudev.com\/es\/proximos-eventos\/","url":"https:\/\/insta-pro.spinudev.com\/es\/proximos-eventos\/","name":"Cl\u00ednicas, ferias y otros eventos sobre equipos y productos","isPartOf":{"@id":"https:\/\/insta-pro.spinudev.com\/es\/#website"},"datePublished":"2015-11-11T17:51:04+00:00","dateModified":"2016-02-23T20:57:36+00:00","description":"Eche un vistazo a los pr\u00f3ximos eventos en busca de cl\u00ednicas, talleres, ferias y otros eventos sobre los productos, los equipos y los servicios que ofrecemos en Insta-Pro International.","breadcrumb":{"@id":"https:\/\/insta-pro.spinudev.com\/es\/proximos-eventos\/#breadcrumb"},"inLanguage":"es","potentialAction":[{"@type":"ReadAction","target":["https:\/\/insta-pro.spinudev.com\/es\/proximos-eventos\/"]}]},{"@type":"BreadcrumbList","@id":"https:\/\/insta-pro.spinudev.com\/es\/proximos-eventos\/#breadcrumb","itemListElement":[{"@type":"ListItem","position":1,"name":"Home","item":"https:\/\/www.insta-pro.com\/es\/"},{"@type":"ListItem","position":2,"name":"Pr\u00f3ximos eventos"}]},{"@type":"WebSite","@id":"https:\/\/insta-pro.spinudev.com\/es\/#website","url":"https:\/\/insta-pro.spinudev.com\/es\/","name":"Insta-Pro","description":"Extrusion Equipment Manufacturer","publisher":{"@id":"https:\/\/insta-pro.spinudev.com\/es\/#organization"},"potentialAction":[{"@type":"SearchAction","target":{"@type":"EntryPoint","urlTemplate":"https:\/\/insta-pro.spinudev.com\/es\/?s={search_term_string}"},"query-input":{"@type":"PropertyValueSpecification","valueRequired":true,"valueName":"search_term_string"}}],"inLanguage":"es"},{"@type":"Organization","@id":"https:\/\/insta-pro.spinudev.com\/es\/#organization","name":"Insta-Pro","url":"https:\/\/insta-pro.spinudev.com\/es\/","logo":{"@type":"ImageObject","inLanguage":"es","@id":"https:\/\/insta-pro.spinudev.com\/es\/#\/schema\/logo\/image\/","url":"https:\/\/www.insta-pro.com\/wp-content\/uploads\/2024\/09\/512x512.png","contentUrl":"https:\/\/www.insta-pro.com\/wp-content\/uploads\/2024\/09\/512x512.png","width":512,"height":512,"caption":"Insta-Pro"},"image":{"@id":"https:\/\/insta-pro.spinudev.com\/es\/#\/schema\/logo\/image\/"},"sameAs":["https:\/\/www.facebook.com\/instaprointernational\/","https:\/\/x.com\/InstaProInt","https:\/\/www.linkedin.com\/company\/insta-pro-international\/","https:\/\/www.youtube.com\/@insta-prointernational5033"]}]}},"_links":{"self":[{"href":"https:\/\/insta-pro.spinudev.com\/es\/wp-json\/wp\/v2\/pages\/5707","targetHints":{"allow":["GET"]}}],"collection":[{"href":"https:\/\/insta-pro.spinudev.com\/es\/wp-json\/wp\/v2\/pages"}],"about":[{"href":"https:\/\/insta-pro.spinudev.com\/es\/wp-json\/wp\/v2\/types\/page"}],"author":[{"embeddable":true,"href":"https:\/\/insta-pro.spinudev.com\/es\/wp-json\/wp\/v2\/users\/2"}],"replies":[{"embeddable":true,"href":"https:\/\/insta-pro.spinudev.com\/es\/wp-json\/wp\/v2\/comments?post=5707"}],"version-history":[{"count":0,"href":"https:\/\/insta-pro.spinudev.com\/es\/wp-json\/wp\/v2\/pages\/5707\/revisions"}],"wp:attachment":[{"href":"https:\/\/insta-pro.spinudev.com\/es\/wp-json\/wp\/v2\/media?parent=5707"}],"curies":[{"name":"wp","href":"https:\/\/api.w.org\/{rel}","templated":true}]}}